{"id":17,"date":"2009-11-17T20:19:02","date_gmt":"2009-11-17T19:19:02","guid":{"rendered":"http:\/\/www.marienkrankenhaus.com\/blogs\/prostata\/?page_id=17"},"modified":"2025-12-16T19:14:56","modified_gmt":"2025-12-16T18:14:56","slug":"beratungs-hotline","status":"publish","type":"page","link":"https:\/\/www.marien-kliniken.de\/blogs\/prostata\/beratungs-hotline\/","title":{"rendered":"Kontakt und Information"},"content":{"rendered":"\n<div style=\"height:20px\" aria-hidden=\"true\" class=\"wp-block-spacer\"><\/div>\n\n\n<div style=\"text-align: left;\">\n<ul>\n<li>\n<h2><span style=\"color: #000000;\">\u00dcber Krebs und \u00fcber unsere Selbsthilfegruppe kann man nicht in 2 Minuten reden.<\/span><\/h2>\n<\/li>\n<\/ul>\n<\/div>\n<div style=\"text-align: left;\">\n<ul>\n<li>\n<h2><span style=\"color: #000000;\">SIE m\u00f6chten, dass ich Zeit f\u00fcr Sie habe.<\/span><\/h2>\n<\/li>\n<li>\n<h2><span style=\"color: #000000;\">Und auch ICH m\u00f6chte gerne Zeit f\u00fcr Sie haben.<\/span><\/h2>\n<\/li>\n<\/ul>\n<\/div>\n<div style=\"text-align: left;\">\n<ul>\n<li>\n<h2><span style=\"color: #000000;\">Diese Zeit nehme ich mir auch gerne f\u00fcr Sie.<\/span><\/h2>\n<\/li>\n<li>\n<h2><strong><span style=\"color: #000000;\">Deshalb ist es n\u00f6tig, dass wir beim ersten kurzen Telefonat zun\u00e4chst einmal\u00a0 einen Gespr\u00e4chstermin vereinbaren.<\/span><\/strong><\/h2>\n<\/li>\n<li>\n<h2><span style=\"color: #000000;\"><strong>Rufen Sie mich deshalb bitte kurz an, damit wir dann gemeinsam einen telefonischen Gespr\u00e4chstermin abstimmen!<\/strong><\/span><\/h2>\n<\/li>\n<\/ul>\n<\/div>\n<ul>\n<li>\n<h2><span style=\"color: #000000;\">Dann habe ich auch Zeit f\u00fcr Sie.<\/span><\/h2>\n<\/li>\n<\/ul>\n<div style=\"text-align: left;\">\n<h2><span style=\"color: #ff0000;\"><span style=\"color: #000000;\">Kontakt, Information und Beratung durch die BPS-Prostatakrebs-Selbsthilfegruppe Siegen: Telefon 02735 &#8211; 5260<\/span><\/span><\/h2>\n<h3><span style=\"color: #ff0000;\"><span style=\"color: #000000;\">Aus wiederholten Erfahrungen muss ich (<em>leider<\/em>) darauf hinweisen, dass der Sonntag auch bei mir der Tag f\u00fcr meine Familie ist &#8230;<\/span><\/span><\/h3>\n<\/div>\n<p>&nbsp;<\/p>\n<h1><span style=\"color: #000000;\"><strong>Beratung durch unseren Bundesverband\u00a0 BPS:<\/strong><\/span><\/h1>\n<p><span style=\"color: #000000; font-size: 23px; font-weight: 900;\">Telefon 0800 &#8211; 7080123: Dienstags, mittwochs und donnerstags (au\u00dfer an bundeseinheitlichen Feiertagen) in der Zeit von 15\u00a0Uhr bis 18\u00a0Uhr<\/span><\/p>\n<p style=\"text-align: left;\">\u00a0<\/p>\n\n\n<p><\/p>\n","protected":false},"excerpt":{"rendered":"<p>\u00dcber Krebs und \u00fcber unsere Selbsthilfegruppe kann man nicht in 2 Minuten reden. SIE m\u00f6chten, dass ich Zeit f\u00fcr Sie habe. Und auch ICH m\u00f6chte gerne Zeit f\u00fcr Sie haben. Diese Zeit nehme ich mir auch gerne f\u00fcr Sie. Deshalb ist es n\u00f6tig, dass wir beim ersten kurzen Telefonat zun\u00e4chst einmal\u00a0 einen Gespr\u00e4chstermin vereinbaren. Rufen &hellip; <a href=\"https:\/\/www.marien-kliniken.de\/blogs\/prostata\/beratungs-hotline\/\" class=\"more-link\"><span class=\"screen-reader-text\">\u201eKontakt und Information\u201c<\/span> weiterlesen<\/a><\/p>\n","protected":false},"author":3,"featured_media":0,"parent":0,"menu_order":30,"comment_status":"closed","ping_status":"closed","template":"","meta":{"footnotes":""},"class_list":["post-17","page","type-page","status-publish","hentry"],"_links":{"self":[{"href":"https:\/\/www.marien-kliniken.de\/blogs\/prostata\/wp-json\/wp\/v2\/pages\/17","targetHints":{"allow":["GET"]}}],"collection":[{"href":"https:\/\/www.marien-kliniken.de\/blogs\/prostata\/wp-json\/wp\/v2\/pages"}],"about":[{"href":"https:\/\/www.marien-kliniken.de\/blogs\/prostata\/wp-json\/wp\/v2\/types\/page"}],"author":[{"embeddable":true,"href":"https:\/\/www.marien-kliniken.de\/blogs\/prostata\/wp-json\/wp\/v2\/users\/3"}],"replies":[{"embeddable":true,"href":"https:\/\/www.marien-kliniken.de\/blogs\/prostata\/wp-json\/wp\/v2\/comments?post=17"}],"version-history":[{"count":95,"href":"https:\/\/www.marien-kliniken.de\/blogs\/prostata\/wp-json\/wp\/v2\/pages\/17\/revisions"}],"predecessor-version":[{"id":2118,"href":"https:\/\/www.marien-kliniken.de\/blogs\/prostata\/wp-json\/wp\/v2\/pages\/17\/revisions\/2118"}],"wp:attachment":[{"href":"https:\/\/www.marien-kliniken.de\/blogs\/prostata\/wp-json\/wp\/v2\/media?parent=17"}],"curies":[{"name":"wp","href":"https:\/\/api.w.org\/{rel}","templated":true}]}}